{"id":3922,"date":"2023-03-31T18:17:50","date_gmt":"2023-03-31T18:17:50","guid":{"rendered":"https:\/\/jornalmovimento.com.br\/?page_id=3922"},"modified":"2023-03-31T18:17:53","modified_gmt":"2023-03-31T18:17:53","slug":"about","status":"publish","type":"page","link":"https:\/\/jornalmovimento.com.br\/en\/about\/","title":{"rendered":"About Us"},"content":{"rendered":"<div class=\"mx-5 sm:mx-0 prose leading-relaxed text-lg mb-5 text-left wp-paragraph\">\n<p>We at Jornal Movimento believe that sharing knowledge is fundamental for individual and collective growth. For that reason, we&#039;ve created a variety of articles and news with the aim of providing as much value as possible for your everyday life.<\/p>\n<\/div><!--advertisement--><div class=\"mx-5 sm:mx-0 sm:text-3xl text-2xl font-medium title-font mb-4 text-gray-900 text-left\">\n<h2 id=\"h-quem-somos-nos\">Who are we?<\/h2>\n<\/div><div class=\"mx-5 sm:mx-0 prose leading-relaxed text-lg mb-5 text-left wp-paragraph\">\n<p>We are a dedicated team of content creators and technology and information experts. We are committed to providing the best content in areas such as news, careers, education and current trends, no matter where you are.<\/p>\n<\/div><!--advertisement--><div class=\"mx-5 sm:mx-0 sm:text-3xl text-2xl font-medium title-font mb-4 text-gray-900 text-left\">\n<h2>we want to hear from you<\/h2>\n<\/div><div class=\"mx-5 sm:mx-0 prose leading-relaxed text-lg mb-5 text-left wp-paragraph\">\n<p>We believe that your opinion is essential for us to improve even more. We value your ideas and suggestions, so feel free to share with us what you think about our content and how we can make it even better.<\/p>\n<\/div>","protected":false},"excerpt":{"rendered":"<p>We at Jornal Movimento believe that sharing knowledge is fundamental for individual and collective growth. For that reason, we&#039;ve created a variety of articles and news with the aim of providing as much value as possible for your everyday life. Who are we? We are a dedicated team of content creators and\u2026 <a class=\"more-link\" href=\"https:\/\/jornalmovimento.com.br\/en\/about\/\">Continue reading <span class=\"screen-reader-text\">About Us<\/span><\/a><\/p>","protected":false},"author":4,"featured_media":0,"parent":0,"menu_order":0,"comment_status":"closed","ping_status":"closed","template":"","meta":[],"yoast_head":"<!-- This site is optimized with the Yoast SEO Premium plugin v18.7 (Yoast SEO v19.1) - https:\/\/yoast.com\/wordpress\/plugins\/seo\/ -->\n<title>Sobre N\u00f3s - Jornal Movimento<\/title>\n<meta name=\"robots\" content=\"index, follow, max-snippet:-1, max-image-preview:large, max-video-preview:-1\" \/>\n<link rel=\"canonical\" href=\"https:\/\/jornalmovimento.com.br\/en\/about\/\" \/>\n<meta property=\"og:locale\" content=\"en_US\" \/>\n<meta property=\"og:type\" content=\"article\" \/>\n<meta property=\"og:title\" content=\"Sobre N\u00f3s\" \/>\n<meta property=\"og:description\" content=\"N\u00f3s do Jornal Movimento acreditamos que o compartilhamento de conhecimento \u00e9 fundamental para o crescimento individual e coletivo. Por essa raz\u00e3o, criamos uma variedade de artigos e not\u00edcias com o objetivo de fornecer o m\u00e1ximo valor poss\u00edvel para o seu dia a dia. Quem somos n\u00f3s? Somos uma equipe dedicada de criadores de conte\u00fado e&hellip; Continue reading Sobre N\u00f3s\" \/>\n<meta property=\"og:url\" content=\"https:\/\/jornalmovimento.com.br\/en\/about\/\" \/>\n<meta property=\"og:site_name\" content=\"Jornal Movimento\" \/>\n<meta property=\"article:modified_time\" content=\"2023-03-31T18:17:53+00:00\" \/>\n<meta name=\"twitter:card\" content=\"summary_large_image\" \/>\n<meta name=\"twitter:label1\" content=\"Est. reading time\" \/>\n\t<meta name=\"twitter:data1\" content=\"1 minute\" \/>\n<script type=\"application\/ld+json\" class=\"yoast-schema-graph\">{\"@context\":\"https:\/\/schema.org\",\"@graph\":[{\"@type\":\"WebSite\",\"@id\":\"https:\/\/jornalmovimento.com.br\/#website\",\"url\":\"https:\/\/jornalmovimento.com.br\/\",\"name\":\"Jornal Movimento\",\"description\":\"Noticias e Conte\u00fado\",\"potentialAction\":[{\"@type\":\"SearchAction\",\"target\":{\"@type\":\"EntryPoint\",\"urlTemplate\":\"https:\/\/jornalmovimento.com.br\/?s={search_term_string}\"},\"query-input\":\"required name=search_term_string\"}],\"inLanguage\":\"en-US\"},{\"@type\":\"WebPage\",\"@id\":\"https:\/\/jornalmovimento.com.br\/about\/#webpage\",\"url\":\"https:\/\/jornalmovimento.com.br\/about\/\",\"name\":\"Sobre N\u00f3s - Jornal Movimento\",\"isPartOf\":{\"@id\":\"https:\/\/jornalmovimento.com.br\/#website\"},\"datePublished\":\"2023-03-31T18:17:50+00:00\",\"dateModified\":\"2023-03-31T18:17:53+00:00\",\"breadcrumb\":{\"@id\":\"https:\/\/jornalmovimento.com.br\/about\/#breadcrumb\"},\"inLanguage\":\"en-US\",\"potentialAction\":[{\"@type\":\"ReadAction\",\"target\":[\"https:\/\/jornalmovimento.com.br\/about\/\"]}]},{\"@type\":\"BreadcrumbList\",\"@id\":\"https:\/\/jornalmovimento.com.br\/about\/#breadcrumb\",\"itemListElement\":[{\"@type\":\"ListItem\",\"position\":1,\"name\":\"Home\",\"item\":\"https:\/\/jornalmovimento.com.br\/\"},{\"@type\":\"ListItem\",\"position\":2,\"name\":\"Sobre N\u00f3s\"}]}]}<\/script>\n<!-- \/ Yoast SEO Premium plugin. -->","yoast_head_json":{"title":"Sobre N\u00f3s - Jornal Movimento","robots":{"index":"index","follow":"follow","max-snippet":"max-snippet:-1","max-image-preview":"max-image-preview:large","max-video-preview":"max-video-preview:-1"},"canonical":"https:\/\/jornalmovimento.com.br\/en\/about\/","og_locale":"en_US","og_type":"article","og_title":"Sobre N\u00f3s","og_description":"N\u00f3s do Jornal Movimento acreditamos que o compartilhamento de conhecimento \u00e9 fundamental para o crescimento individual e coletivo. Por essa raz\u00e3o, criamos uma variedade de artigos e not\u00edcias com o objetivo de fornecer o m\u00e1ximo valor poss\u00edvel para o seu dia a dia. Quem somos n\u00f3s? Somos uma equipe dedicada de criadores de conte\u00fado e&hellip; Continue reading Sobre N\u00f3s","og_url":"https:\/\/jornalmovimento.com.br\/en\/about\/","og_site_name":"Jornal Movimento","article_modified_time":"2023-03-31T18:17:53+00:00","twitter_card":"summary_large_image","twitter_misc":{"Est. reading time":"1 minute"},"schema":{"@context":"https:\/\/schema.org","@graph":[{"@type":"WebSite","@id":"https:\/\/jornalmovimento.com.br\/#website","url":"https:\/\/jornalmovimento.com.br\/","name":"Jornal Movimento","description":"Noticias e Conte\u00fado","potentialAction":[{"@type":"SearchAction","target":{"@type":"EntryPoint","urlTemplate":"https:\/\/jornalmovimento.com.br\/?s={search_term_string}"},"query-input":"required name=search_term_string"}],"inLanguage":"en-US"},{"@type":"WebPage","@id":"https:\/\/jornalmovimento.com.br\/about\/#webpage","url":"https:\/\/jornalmovimento.com.br\/about\/","name":"Sobre N\u00f3s - Jornal Movimento","isPartOf":{"@id":"https:\/\/jornalmovimento.com.br\/#website"},"datePublished":"2023-03-31T18:17:50+00:00","dateModified":"2023-03-31T18:17:53+00:00","breadcrumb":{"@id":"https:\/\/jornalmovimento.com.br\/about\/#breadcrumb"},"inLanguage":"en-US","potentialAction":[{"@type":"ReadAction","target":["https:\/\/jornalmovimento.com.br\/about\/"]}]},{"@type":"BreadcrumbList","@id":"https:\/\/jornalmovimento.com.br\/about\/#breadcrumb","itemListElement":[{"@type":"ListItem","position":1,"name":"Home","item":"https:\/\/jornalmovimento.com.br\/"},{"@type":"ListItem","position":2,"name":"Sobre N\u00f3s"}]}]}},"_links":{"self":[{"href":"https:\/\/jornalmovimento.com.br\/en\/wp-json\/wp\/v2\/pages\/3922"}],"collection":[{"href":"https:\/\/jornalmovimento.com.br\/en\/wp-json\/wp\/v2\/pages"}],"about":[{"href":"https:\/\/jornalmovimento.com.br\/en\/wp-json\/wp\/v2\/types\/page"}],"author":[{"embeddable":true,"href":"https:\/\/jornalmovimento.com.br\/en\/wp-json\/wp\/v2\/users\/4"}],"replies":[{"embeddable":true,"href":"https:\/\/jornalmovimento.com.br\/en\/wp-json\/wp\/v2\/comments?post=3922"}],"version-history":[{"count":0,"href":"https:\/\/jornalmovimento.com.br\/en\/wp-json\/wp\/v2\/pages\/3922\/revisions"}],"wp:attachment":[{"href":"https:\/\/jornalmovimento.com.br\/en\/wp-json\/wp\/v2\/media?parent=3922"}],"curies":[{"name":"wp","href":"https:\/\/api.w.org\/{rel}","templated":true}]}}