{"id":3922,"date":"2023-03-31T18:17:50","date_gmt":"2023-03-31T18:17:50","guid":{"rendered":"https:\/\/jornalmovimento.com.br\/?page_id=3922"},"modified":"2023-03-31T18:17:53","modified_gmt":"2023-03-31T18:17:53","slug":"about","status":"publish","type":"page","link":"https:\/\/jornalmovimento.com.br\/es\/about\/","title":{"rendered":"Sobre nosotros"},"content":{"rendered":"<div class=\"mx-5 sm:mx-0 prose leading-relaxed text-lg mb-5 text-left wp-paragraph\">\n<p>En Jornal Movimento creemos que compartir el conocimiento es fundamental para el crecimiento individual y colectivo. Por eso, hemos creado una variedad de art\u00edculos y noticias con el objetivo de aportar el mayor valor posible a tu d\u00eda a d\u00eda.<\/p>\n<\/div><!--advertisement--><div class=\"mx-5 sm:mx-0 sm:text-3xl text-2xl font-medium title-font mb-4 text-gray-900 text-left\">\n<h2 id=\"h-quem-somos-nos\">\u00bfQuienes somos?<\/h2>\n<\/div><div class=\"mx-5 sm:mx-0 prose leading-relaxed text-lg mb-5 text-left wp-paragraph\">\n<p>Somos un equipo dedicado de creadores de contenido y expertos en tecnolog\u00eda e informaci\u00f3n. Estamos comprometidos a brindar el mejor contenido en \u00e1reas como noticias, carreras, educaci\u00f3n y tendencias actuales, sin importar d\u00f3nde se encuentre.<\/p>\n<\/div><!--advertisement--><div class=\"mx-5 sm:mx-0 sm:text-3xl text-2xl font-medium title-font mb-4 text-gray-900 text-left\">\n<h2>Queremos escuchar de ti<\/h2>\n<\/div><div class=\"mx-5 sm:mx-0 prose leading-relaxed text-lg mb-5 text-left wp-paragraph\">\n<p>Creemos que tu opini\u00f3n es fundamental para que podamos mejorar a\u00fan m\u00e1s. Valoramos sus ideas y sugerencias, as\u00ed que si\u00e9ntase libre de compartir con nosotros lo que piensa sobre nuestro contenido y c\u00f3mo podemos mejorarlo a\u00fan m\u00e1s.<\/p>\n<\/div>","protected":false},"excerpt":{"rendered":"<p>En Jornal Movimento creemos que compartir el conocimiento es fundamental para el crecimiento individual y colectivo. Por eso, hemos creado una variedad de art\u00edculos y noticias con el objetivo de aportar el mayor valor posible a tu d\u00eda a d\u00eda. \u00bfQuienes somos? Somos un equipo dedicado de creadores de contenido y... <a class=\"more-link\" href=\"https:\/\/jornalmovimento.com.br\/es\/about\/\">sigue leyendo <span class=\"screen-reader-text\">Sobre nosotros<\/span><\/a><\/p>","protected":false},"author":4,"featured_media":0,"parent":0,"menu_order":0,"comment_status":"closed","ping_status":"closed","template":"","meta":[],"yoast_head":"<!-- This site is optimized with the Yoast SEO Premium plugin v18.7 (Yoast SEO v19.1) - https:\/\/yoast.com\/wordpress\/plugins\/seo\/ -->\n<title>Sobre N\u00f3s - Jornal Movimento<\/title>\n<meta name=\"robots\" content=\"index, follow, max-snippet:-1, max-image-preview:large, max-video-preview:-1\" \/>\n<link rel=\"canonical\" href=\"https:\/\/jornalmovimento.com.br\/es\/about\/\" \/>\n<meta property=\"og:locale\" content=\"es_ES\" \/>\n<meta property=\"og:type\" content=\"article\" \/>\n<meta property=\"og:title\" content=\"Sobre N\u00f3s\" \/>\n<meta property=\"og:description\" content=\"N\u00f3s do Jornal Movimento acreditamos que o compartilhamento de conhecimento \u00e9 fundamental para o crescimento individual e coletivo. Por essa raz\u00e3o, criamos uma variedade de artigos e not\u00edcias com o objetivo de fornecer o m\u00e1ximo valor poss\u00edvel para o seu dia a dia. Quem somos n\u00f3s? Somos uma equipe dedicada de criadores de conte\u00fado e&hellip; Continue reading Sobre N\u00f3s\" \/>\n<meta property=\"og:url\" content=\"https:\/\/jornalmovimento.com.br\/es\/about\/\" \/>\n<meta property=\"og:site_name\" content=\"Jornal Movimento\" \/>\n<meta property=\"article:modified_time\" content=\"2023-03-31T18:17:53+00:00\" \/>\n<meta name=\"twitter:card\" content=\"summary_large_image\" \/>\n<meta name=\"twitter:label1\" content=\"Est. reading time\" \/>\n\t<meta name=\"twitter:data1\" content=\"1 minuto\" \/>\n<script type=\"application\/ld+json\" class=\"yoast-schema-graph\">{\"@context\":\"https:\/\/schema.org\",\"@graph\":[{\"@type\":\"WebSite\",\"@id\":\"https:\/\/jornalmovimento.com.br\/#website\",\"url\":\"https:\/\/jornalmovimento.com.br\/\",\"name\":\"Jornal Movimento\",\"description\":\"Noticias e Conte\u00fado\",\"potentialAction\":[{\"@type\":\"SearchAction\",\"target\":{\"@type\":\"EntryPoint\",\"urlTemplate\":\"https:\/\/jornalmovimento.com.br\/?s={search_term_string}\"},\"query-input\":\"required name=search_term_string\"}],\"inLanguage\":\"es\"},{\"@type\":\"WebPage\",\"@id\":\"https:\/\/jornalmovimento.com.br\/about\/#webpage\",\"url\":\"https:\/\/jornalmovimento.com.br\/about\/\",\"name\":\"Sobre N\u00f3s - Jornal Movimento\",\"isPartOf\":{\"@id\":\"https:\/\/jornalmovimento.com.br\/#website\"},\"datePublished\":\"2023-03-31T18:17:50+00:00\",\"dateModified\":\"2023-03-31T18:17:53+00:00\",\"breadcrumb\":{\"@id\":\"https:\/\/jornalmovimento.com.br\/about\/#breadcrumb\"},\"inLanguage\":\"es\",\"potentialAction\":[{\"@type\":\"ReadAction\",\"target\":[\"https:\/\/jornalmovimento.com.br\/about\/\"]}]},{\"@type\":\"BreadcrumbList\",\"@id\":\"https:\/\/jornalmovimento.com.br\/about\/#breadcrumb\",\"itemListElement\":[{\"@type\":\"ListItem\",\"position\":1,\"name\":\"Home\",\"item\":\"https:\/\/jornalmovimento.com.br\/\"},{\"@type\":\"ListItem\",\"position\":2,\"name\":\"Sobre N\u00f3s\"}]}]}<\/script>\n<!-- \/ Yoast SEO Premium plugin. -->","yoast_head_json":{"title":"Sobre N\u00f3s - Jornal Movimento","robots":{"index":"index","follow":"follow","max-snippet":"max-snippet:-1","max-image-preview":"max-image-preview:large","max-video-preview":"max-video-preview:-1"},"canonical":"https:\/\/jornalmovimento.com.br\/es\/about\/","og_locale":"es_ES","og_type":"article","og_title":"Sobre N\u00f3s","og_description":"N\u00f3s do Jornal Movimento acreditamos que o compartilhamento de conhecimento \u00e9 fundamental para o crescimento individual e coletivo. Por essa raz\u00e3o, criamos uma variedade de artigos e not\u00edcias com o objetivo de fornecer o m\u00e1ximo valor poss\u00edvel para o seu dia a dia. Quem somos n\u00f3s? Somos uma equipe dedicada de criadores de conte\u00fado e&hellip; Continue reading Sobre N\u00f3s","og_url":"https:\/\/jornalmovimento.com.br\/es\/about\/","og_site_name":"Jornal Movimento","article_modified_time":"2023-03-31T18:17:53+00:00","twitter_card":"summary_large_image","twitter_misc":{"Est. reading time":"1 minuto"},"schema":{"@context":"https:\/\/schema.org","@graph":[{"@type":"WebSite","@id":"https:\/\/jornalmovimento.com.br\/#website","url":"https:\/\/jornalmovimento.com.br\/","name":"Jornal Movimento","description":"Noticias e Conte\u00fado","potentialAction":[{"@type":"SearchAction","target":{"@type":"EntryPoint","urlTemplate":"https:\/\/jornalmovimento.com.br\/?s={search_term_string}"},"query-input":"required name=search_term_string"}],"inLanguage":"es"},{"@type":"WebPage","@id":"https:\/\/jornalmovimento.com.br\/about\/#webpage","url":"https:\/\/jornalmovimento.com.br\/about\/","name":"Sobre N\u00f3s - Jornal Movimento","isPartOf":{"@id":"https:\/\/jornalmovimento.com.br\/#website"},"datePublished":"2023-03-31T18:17:50+00:00","dateModified":"2023-03-31T18:17:53+00:00","breadcrumb":{"@id":"https:\/\/jornalmovimento.com.br\/about\/#breadcrumb"},"inLanguage":"es","potentialAction":[{"@type":"ReadAction","target":["https:\/\/jornalmovimento.com.br\/about\/"]}]},{"@type":"BreadcrumbList","@id":"https:\/\/jornalmovimento.com.br\/about\/#breadcrumb","itemListElement":[{"@type":"ListItem","position":1,"name":"Home","item":"https:\/\/jornalmovimento.com.br\/"},{"@type":"ListItem","position":2,"name":"Sobre N\u00f3s"}]}]}},"_links":{"self":[{"href":"https:\/\/jornalmovimento.com.br\/es\/wp-json\/wp\/v2\/pages\/3922"}],"collection":[{"href":"https:\/\/jornalmovimento.com.br\/es\/wp-json\/wp\/v2\/pages"}],"about":[{"href":"https:\/\/jornalmovimento.com.br\/es\/wp-json\/wp\/v2\/types\/page"}],"author":[{"embeddable":true,"href":"https:\/\/jornalmovimento.com.br\/es\/wp-json\/wp\/v2\/users\/4"}],"replies":[{"embeddable":true,"href":"https:\/\/jornalmovimento.com.br\/es\/wp-json\/wp\/v2\/comments?post=3922"}],"version-history":[{"count":0,"href":"https:\/\/jornalmovimento.com.br\/es\/wp-json\/wp\/v2\/pages\/3922\/revisions"}],"wp:attachment":[{"href":"https:\/\/jornalmovimento.com.br\/es\/wp-json\/wp\/v2\/media?parent=3922"}],"curies":[{"name":"wp","href":"https:\/\/api.w.org\/{rel}","templated":true}]}}