{"id":3922,"date":"2023-03-31T18:17:50","date_gmt":"2023-03-31T18:17:50","guid":{"rendered":"https:\/\/jornalmovimento.com.br\/?page_id=3922"},"modified":"2023-03-31T18:17:53","modified_gmt":"2023-03-31T18:17:53","slug":"about","status":"publish","type":"page","link":"https:\/\/jornalmovimento.com.br\/he\/about\/","title":{"rendered":"\u05d0\u05d5\u05d3\u05d5\u05ea\u05d9\u05e0\u05d5"},"content":{"rendered":"<div class=\"mx-5 sm:mx-0 prose leading-relaxed text-lg mb-5 text-left wp-paragraph\">\n<p>\u05d0\u05e0\u05d5 \u05d1-Jernal Movimento \u05de\u05d0\u05de\u05d9\u05e0\u05d9\u05dd \u05e9\u05e9\u05d9\u05ea\u05d5\u05e3 \u05d9\u05d3\u05e2 \u05d4\u05d5\u05d0 \u05d1\u05e1\u05d9\u05e1\u05d9 \u05dc\u05e6\u05de\u05d9\u05d7\u05d4 \u05d0\u05d9\u05e9\u05d9\u05ea \u05d5\u05e7\u05d1\u05d5\u05e6\u05ea\u05d9\u05ea. \u05de\u05e1\u05d9\u05d1\u05d4 \u05d6\u05d5, \u05d0\u05e0\u05d5 \u05d9\u05d5\u05e6\u05e8\u05d9\u05dd \u05de\u05d2\u05d5\u05d5\u05df \u05de\u05d0\u05de\u05e8\u05d9\u05dd \u05d5\u05d7\u05d3\u05e9\u05d5\u05ea \u05d1\u05de\u05d8\u05e8\u05d4 \u05dc\u05e1\u05e4\u05e7 \u05e2\u05e8\u05da \u05e8\u05d1 \u05db\u05db\u05dc \u05d4\u05d0\u05e4\u05e9\u05e8 \u05dc\u05d7\u05d9\u05d9 \u05d4\u05d9\u05d5\u05de\u05d9\u05d5\u05dd \u05e9\u05dc\u05db\u05dd.<\/p>\n<\/div><!--advertisement--><div class=\"mx-5 sm:mx-0 sm:text-3xl text-2xl font-medium title-font mb-4 text-gray-900 text-left\">\n<h2 id=\"h-quem-somos-nos\">\u05de\u05d9 \u05d0\u05e0\u05d7\u05e0\u05d5?<\/h2>\n<\/div><div class=\"mx-5 sm:mx-0 prose leading-relaxed text-lg mb-5 text-left wp-paragraph\">\n<p>\u05d0\u05e0\u05d7\u05e0\u05d5 \u05e6\u05d5\u05d5\u05ea \u05de\u05e1\u05d5\u05e8 \u05e9\u05dc \u05d9\u05d5\u05e6\u05e8\u05d9 \u05ea\u05d5\u05db\u05df \u05d5\u05de\u05d5\u05de\u05d7\u05d9\u05dd \u05d1\u05d8\u05db\u05e0\u05d5\u05dc\u05d5\u05d2\u05d9\u05d4 \u05d5\u05de\u05d9\u05d3\u05e2. \u05d0\u05e0\u05d5 \u05de\u05d7\u05d5\u05d9\u05d1\u05d9\u05dd \u05dc\u05e1\u05e4\u05e7 \u05d0\u05ea \u05d4\u05ea\u05d5\u05db\u05df \u05d4\u05d8\u05d5\u05d1 \u05d1\u05d9\u05d5\u05ea\u05e8 \u05d1\u05ea\u05d7\u05d5\u05de\u05d9\u05dd \u05db\u05de\u05d5 \u05d7\u05d3\u05e9\u05d5\u05ea, \u05e7\u05e8\u05d9\u05d9\u05e8\u05d4, \u05d7\u05d9\u05e0\u05d5\u05da \u05d5\u05de\u05d2\u05de\u05d5\u05ea \u05e2\u05db\u05e9\u05d5\u05d5\u05d9\u05d5\u05ea, \u05dc\u05d0 \u05de\u05e9\u05e0\u05d4 \u05d4\u05d9\u05db\u05df \u05d0\u05ea\u05dd \u05e0\u05de\u05e6\u05d0\u05d9\u05dd.<\/p>\n<\/div><!--advertisement--><div class=\"mx-5 sm:mx-0 sm:text-3xl text-2xl font-medium title-font mb-4 text-gray-900 text-left\">\n<h2>\u05d0\u05e0\u05d7\u05e0\u05d5 \u05e8\u05d5\u05e6\u05d9\u05dd \u05dc\u05e9\u05de\u05d5\u05e2 \u05de\u05de\u05da.<\/h2>\n<\/div><div class=\"mx-5 sm:mx-0 prose leading-relaxed text-lg mb-5 text-left wp-paragraph\">\n<p>\u05d0\u05e0\u05d5 \u05de\u05d0\u05de\u05d9\u05e0\u05d9\u05dd \u05e9\u05d3\u05e2\u05ea\u05da \u05d7\u05d9\u05d5\u05e0\u05d9\u05ea \u05db\u05d3\u05d9 \u05e9\u05e0\u05d5\u05db\u05dc \u05dc\u05d4\u05e9\u05ea\u05e4\u05e8 \u05e2\u05d5\u05d3 \u05d9\u05d5\u05ea\u05e8. \u05d0\u05e0\u05d5 \u05de\u05e2\u05e8\u05d9\u05db\u05d9\u05dd \u05d0\u05ea \u05d4\u05e8\u05e2\u05d9\u05d5\u05e0\u05d5\u05ea \u05d5\u05d4\u05d4\u05e6\u05e2\u05d5\u05ea \u05e9\u05dc\u05da, \u05dc\u05db\u05df \u05d0\u05dc \u05ea\u05d4\u05e1\u05e1\u05d5 \u05dc\u05e9\u05ea\u05e3 \u05d0\u05d5\u05ea\u05e0\u05d5 \u05d1\u05de\u05d7\u05e9\u05d1\u05d5\u05ea\u05d9\u05db\u05dd \u05e2\u05dc \u05d4\u05ea\u05d5\u05db\u05df \u05e9\u05dc\u05e0\u05d5 \u05d5\u05db\u05d9\u05e6\u05d3 \u05e0\u05d5\u05db\u05dc \u05dc\u05e9\u05e4\u05e8 \u05d0\u05d5\u05ea\u05d5 \u05e2\u05d5\u05d3 \u05d9\u05d5\u05ea\u05e8.<\/p>\n<\/div>","protected":false},"excerpt":{"rendered":"<p>\u05d0\u05e0\u05d5 \u05d1-Jernal Movimento \u05de\u05d0\u05de\u05d9\u05e0\u05d9\u05dd \u05e9\u05e9\u05d9\u05ea\u05d5\u05e3 \u05d9\u05d3\u05e2 \u05d4\u05d5\u05d0 \u05d1\u05e1\u05d9\u05e1\u05d9 \u05dc\u05e6\u05de\u05d9\u05d7\u05d4 \u05d0\u05d9\u05e9\u05d9\u05ea \u05d5\u05e7\u05d1\u05d5\u05e6\u05ea\u05d9\u05ea. \u05de\u05e1\u05d9\u05d1\u05d4 \u05d6\u05d5, \u05d0\u05e0\u05d5 \u05d9\u05d5\u05e6\u05e8\u05d9\u05dd \u05de\u05d2\u05d5\u05d5\u05df \u05de\u05d0\u05de\u05e8\u05d9\u05dd \u05d5\u05d7\u05d3\u05e9\u05d5\u05ea \u05d1\u05de\u05d8\u05e8\u05d4 \u05dc\u05e1\u05e4\u05e7 \u05e2\u05e8\u05da \u05e8\u05d1 \u05db\u05db\u05dc \u05d4\u05d0\u05e4\u05e9\u05e8 \u05dc\u05d7\u05d9\u05d9 \u05d4\u05d9\u05d5\u05de\u05d9\u05d5\u05dd \u05e9\u05dc\u05db\u05dd. \u05de\u05d9 \u05d0\u05e0\u05d7\u05e0\u05d5? \u05d0\u05e0\u05d7\u05e0\u05d5 \u05e6\u05d5\u05d5\u05ea \u05de\u05e1\u05d5\u05e8 \u05e9\u05dc \u05d9\u05d5\u05e6\u05e8\u05d9 \u05ea\u05d5\u05db\u05df \u05d5... <a class=\"more-link\" href=\"https:\/\/jornalmovimento.com.br\/he\/about\/\">\u05d4\u05de\u05e9\u05da \u05e7\u05e8\u05d9\u05d0\u05d4 <span class=\"screen-reader-text\">\u05d0\u05d5\u05d3\u05d5\u05ea\u05d9\u05e0\u05d5<\/span><\/a><\/p>","protected":false},"author":4,"featured_media":0,"parent":0,"menu_order":0,"comment_status":"closed","ping_status":"closed","template":"","meta":[],"yoast_head":"<!-- This site is optimized with the Yoast SEO Premium plugin v18.7 (Yoast SEO v19.1) - https:\/\/yoast.com\/wordpress\/plugins\/seo\/ -->\n<title>Sobre N\u00f3s - Jornal Movimento<\/title>\n<meta name=\"robots\" content=\"index, follow, max-snippet:-1, max-image-preview:large, max-video-preview:-1\" \/>\n<link rel=\"canonical\" href=\"https:\/\/jornalmovimento.com.br\/he\/about\/\" \/>\n<meta property=\"og:locale\" content=\"he_IL\" \/>\n<meta property=\"og:type\" content=\"article\" \/>\n<meta property=\"og:title\" content=\"Sobre N\u00f3s\" \/>\n<meta property=\"og:description\" content=\"N\u00f3s do Jornal Movimento acreditamos que o compartilhamento de conhecimento \u00e9 fundamental para o crescimento individual e coletivo. Por essa raz\u00e3o, criamos uma variedade de artigos e not\u00edcias com o objetivo de fornecer o m\u00e1ximo valor poss\u00edvel para o seu dia a dia. Quem somos n\u00f3s? Somos uma equipe dedicada de criadores de conte\u00fado e&hellip; Continue reading Sobre N\u00f3s\" \/>\n<meta property=\"og:url\" content=\"https:\/\/jornalmovimento.com.br\/he\/about\/\" \/>\n<meta property=\"og:site_name\" content=\"Jornal Movimento\" \/>\n<meta property=\"article:modified_time\" content=\"2023-03-31T18:17:53+00:00\" \/>\n<meta name=\"twitter:card\" content=\"summary_large_image\" \/>\n<meta name=\"twitter:label1\" content=\"Est. reading time\" \/>\n\t<meta name=\"twitter:data1\" content=\"\u05d3\u05e7\u05d41\" \/>\n<script type=\"application\/ld+json\" class=\"yoast-schema-graph\">{\"@context\":\"https:\/\/schema.org\",\"@graph\":[{\"@type\":\"WebSite\",\"@id\":\"https:\/\/jornalmovimento.com.br\/#website\",\"url\":\"https:\/\/jornalmovimento.com.br\/\",\"name\":\"Jornal Movimento\",\"description\":\"Noticias e Conte\u00fado\",\"potentialAction\":[{\"@type\":\"SearchAction\",\"target\":{\"@type\":\"EntryPoint\",\"urlTemplate\":\"https:\/\/jornalmovimento.com.br\/?s={search_term_string}\"},\"query-input\":\"required name=search_term_string\"}],\"inLanguage\":\"he-IL\"},{\"@type\":\"WebPage\",\"@id\":\"https:\/\/jornalmovimento.com.br\/about\/#webpage\",\"url\":\"https:\/\/jornalmovimento.com.br\/about\/\",\"name\":\"Sobre N\u00f3s - Jornal Movimento\",\"isPartOf\":{\"@id\":\"https:\/\/jornalmovimento.com.br\/#website\"},\"datePublished\":\"2023-03-31T18:17:50+00:00\",\"dateModified\":\"2023-03-31T18:17:53+00:00\",\"breadcrumb\":{\"@id\":\"https:\/\/jornalmovimento.com.br\/about\/#breadcrumb\"},\"inLanguage\":\"he-IL\",\"potentialAction\":[{\"@type\":\"ReadAction\",\"target\":[\"https:\/\/jornalmovimento.com.br\/about\/\"]}]},{\"@type\":\"BreadcrumbList\",\"@id\":\"https:\/\/jornalmovimento.com.br\/about\/#breadcrumb\",\"itemListElement\":[{\"@type\":\"ListItem\",\"position\":1,\"name\":\"Home\",\"item\":\"https:\/\/jornalmovimento.com.br\/\"},{\"@type\":\"ListItem\",\"position\":2,\"name\":\"Sobre N\u00f3s\"}]}]}<\/script>\n<!-- \/ Yoast SEO Premium plugin. -->","yoast_head_json":{"title":"Sobre N\u00f3s - Jornal Movimento","robots":{"index":"index","follow":"follow","max-snippet":"max-snippet:-1","max-image-preview":"max-image-preview:large","max-video-preview":"max-video-preview:-1"},"canonical":"https:\/\/jornalmovimento.com.br\/he\/about\/","og_locale":"he_IL","og_type":"article","og_title":"Sobre N\u00f3s","og_description":"N\u00f3s do Jornal Movimento acreditamos que o compartilhamento de conhecimento \u00e9 fundamental para o crescimento individual e coletivo. Por essa raz\u00e3o, criamos uma variedade de artigos e not\u00edcias com o objetivo de fornecer o m\u00e1ximo valor poss\u00edvel para o seu dia a dia. Quem somos n\u00f3s? Somos uma equipe dedicada de criadores de conte\u00fado e&hellip; Continue reading Sobre N\u00f3s","og_url":"https:\/\/jornalmovimento.com.br\/he\/about\/","og_site_name":"Jornal Movimento","article_modified_time":"2023-03-31T18:17:53+00:00","twitter_card":"summary_large_image","twitter_misc":{"Est. reading time":"\u05d3\u05e7\u05d41"},"schema":{"@context":"https:\/\/schema.org","@graph":[{"@type":"WebSite","@id":"https:\/\/jornalmovimento.com.br\/#website","url":"https:\/\/jornalmovimento.com.br\/","name":"Jornal Movimento","description":"Noticias e Conte\u00fado","potentialAction":[{"@type":"SearchAction","target":{"@type":"EntryPoint","urlTemplate":"https:\/\/jornalmovimento.com.br\/?s={search_term_string}"},"query-input":"required name=search_term_string"}],"inLanguage":"he-IL"},{"@type":"WebPage","@id":"https:\/\/jornalmovimento.com.br\/about\/#webpage","url":"https:\/\/jornalmovimento.com.br\/about\/","name":"Sobre N\u00f3s - Jornal Movimento","isPartOf":{"@id":"https:\/\/jornalmovimento.com.br\/#website"},"datePublished":"2023-03-31T18:17:50+00:00","dateModified":"2023-03-31T18:17:53+00:00","breadcrumb":{"@id":"https:\/\/jornalmovimento.com.br\/about\/#breadcrumb"},"inLanguage":"he-IL","potentialAction":[{"@type":"ReadAction","target":["https:\/\/jornalmovimento.com.br\/about\/"]}]},{"@type":"BreadcrumbList","@id":"https:\/\/jornalmovimento.com.br\/about\/#breadcrumb","itemListElement":[{"@type":"ListItem","position":1,"name":"Home","item":"https:\/\/jornalmovimento.com.br\/"},{"@type":"ListItem","position":2,"name":"Sobre N\u00f3s"}]}]}},"_links":{"self":[{"href":"https:\/\/jornalmovimento.com.br\/he\/wp-json\/wp\/v2\/pages\/3922"}],"collection":[{"href":"https:\/\/jornalmovimento.com.br\/he\/wp-json\/wp\/v2\/pages"}],"about":[{"href":"https:\/\/jornalmovimento.com.br\/he\/wp-json\/wp\/v2\/types\/page"}],"author":[{"embeddable":true,"href":"https:\/\/jornalmovimento.com.br\/he\/wp-json\/wp\/v2\/users\/4"}],"replies":[{"embeddable":true,"href":"https:\/\/jornalmovimento.com.br\/he\/wp-json\/wp\/v2\/comments?post=3922"}],"version-history":[{"count":0,"href":"https:\/\/jornalmovimento.com.br\/he\/wp-json\/wp\/v2\/pages\/3922\/revisions"}],"wp:attachment":[{"href":"https:\/\/jornalmovimento.com.br\/he\/wp-json\/wp\/v2\/media?parent=3922"}],"curies":[{"name":"wp","href":"https:\/\/api.w.org\/{rel}","templated":true}]}}